{"id":330,"date":"2026-02-27T13:00:48","date_gmt":"2026-02-27T13:00:48","guid":{"rendered":"https:\/\/larissaferrerterapia.com\/?page_id=330"},"modified":"2026-04-10T08:12:27","modified_gmt":"2026-04-10T08:12:27","slug":"accesibilidad","status":"publish","type":"page","link":"https:\/\/larissaferrerterapia.com\/index.php\/accesibilidad\/","title":{"rendered":"Accesibilidad"},"content":{"rendered":"<p><span style=\"font-weight: 400;\">Larissa Ferrer van Ginkel se ha comprometido a hacer accesible su sitio web de conformidad con el Real Decreto 1112\/2018, de 7 de septiembre, sobre accesibilidad de los sitios web y aplicaciones para dispositivos m\u00f3viles del sector p\u00fablico.(Abre en nueva ventana)<\/span><\/p>\n<p><span style=\"font-weight: 400;\">La presente declaraci\u00f3n de accesibilidad se aplica al sitio web https:\/\/larissaferrerterapia.com\/<\/span><\/p>\n<h5><b>\u00a0<\/b><\/h5>\n<h5><b>Situaci\u00f3n de cumplimiento<\/b><\/h5>\n<p><span style=\"font-weight: 400;\">Este sitio web es parcialmente conforme con el RD 1112\/2018 debido a las excepciones y a la falta de conformidad de los aspectos que se indican a continuaci\u00f3n.<\/span><\/p>\n<h5><b>\u00a0<\/b><\/h5>\n<h5><b>Contenido no accesible<\/b><\/h5>\n<p><span style=\"font-weight: 400;\">El contenido que se recoge a continuaci\u00f3n no es accesible por lo siguiente:<\/span><\/p>\n<p><span style=\"font-weight: 400;\">falta de conformidad con el RD 1112\/2018<\/span><\/p>\n<p><span style=\"font-weight: 400;\">Existen logotipos e im\u00e1genes con texto alternativo incorrecto o confuso e im\u00e1genes complejas sin descripci\u00f3n textual [requisito n\u00famero 9.1.1.1 Contenido no textual, de UNE-EN 301549:2022].<\/span><\/p>\n<p><span style=\"font-weight: 400;\">Existen listas creadas de forma incorrecta (sin etiqueta de lista), tablas con celdas etiquetadas incorrectamente y etiquetas invisibles en elementos de formularios [requisito n\u00famero 9.1.3.1 Informaci\u00f3n y relaciones, de UNE-EN 301549:2022].<\/span><\/p>\n<p><span style=\"font-weight: 400;\">Existen tablas no adaptadas a tama\u00f1os de pantalla peque\u00f1os y campos de formulario que no se visualizan correctamente en tama\u00f1os de pantalla peque\u00f1os [requisito n\u00famero 9.1.4.10 Reajuste de texto, de UNE-EN 301549:2022].<\/span><\/p>\n<p><span style=\"font-weight: 400;\">Existe texto que al cambiar los espacios y alturas de l\u00ednea no se visualiza correctamente [requisito n\u00famero 9.1.4.12 Espaciado de texto, de UNE-EN 301549:2022].<\/span><\/p>\n<p><span style=\"font-weight: 400;\">Existen elementos que no son accesibles por teclado, como por ejemplo enlaces a redes sociales, el editor de textos para comentarios, elementos para ordenar resultados de b\u00fasqueda, la paginaci\u00f3n de los resultados de b\u00fasqueda o las flechas de calendario [requisito n\u00famero 9.2.1.1 Teclado, de UNE-EN 301549:2022].<\/span><\/p>\n<p><span style=\"font-weight: 400;\">Hay elementos que no reciben el foco y por tanto no se puede interactuar con ellos mediante el teclado, por ejemplo [requisito n\u00famero 9.2.4.3 Orden del foco, de UNE-EN 301549:2022].<\/span><\/p>\n<p><span style=\"font-weight: 400;\">Hay enlaces en los que no se identifica correctamente su funci\u00f3n (tienen una descripci\u00f3n inadecuada, un texto demasiado gen\u00e9rico, un title inadecuado\u2026) [requisito n\u00famero 9.2.4.4 Prop\u00f3sito de los enlaces, de UNE-EN 301549:2022].<\/span><\/p>\n<p><span style=\"font-weight: 400;\">Hay encabezados con texto repetido y\/o poco descriptivo [requisito n\u00famero 9.2.4.6 Encabezados y etiquetas, de UNE-EN 301549:2022].<\/span><\/p>\n<p><span style=\"font-weight: 400;\">Existen im\u00e1genes, infograf\u00edas, textos de enlaces o botones, texto de titulares y contenido que no est\u00e1n traducidos a otros idiomas [requisito n\u00famero 9.3.1.2 Idioma de las partes, de UNE-EN 301549:2022].<\/span><\/p>\n<p><span style=\"font-weight: 400;\">En alguna p\u00e1gina se est\u00e1 usando el mismo icono para diferentes prop\u00f3sitos, lo cual genera confusi\u00f3n [requisito n\u00famero 9.3.2.4 Identificaci\u00f3n coherente, de UNE-EN 301549:2022].<\/span><\/p>\n<p><span style=\"font-weight: 400;\">Existen mensajes de error poco descriptivos, o mensajes de error que no est\u00e1n agrupados en un \u00fanico mensaje as\u00ed como falta de sugerencias en formulario para rellenar los campos correctamente [requisito n\u00famero 9.3.3.1 Identificaci\u00f3n de errores, de UNE-EN 301549:2022].<\/span><\/p>\n<p><span style=\"font-weight: 400;\">Existen formularios con campos obligatorios donde no se informa al usuario de ello, as\u00ed como campos donde falta un ejemplo textual del formato del campo (como por ejemplo el DNI) [requisito n\u00famero 9.3.3.2 Etiquetas e instrucciones, de UNE-EN 301549:2022].<\/span><\/p>\n<p><span style=\"font-weight: 400;\">Existen campos de formularios donde se informa del error cuando se introduce un valor incorrecto pero no se informa de una sugerencia para su correcci\u00f3n [requisito n\u00famero 9.3.3.3 Sugerencias ante errores, de UNE-EN 301549:2022].<\/span><\/p>\n<p><span style=\"font-weight: 400;\">Existen p\u00e1ginas con errores de sintaxis y por tanto alg\u00fan producto de apoyo puede no interpretar correctamente el contenido (IDs de p\u00e1gina duplicados, etiquetas sin cerrar, construcci\u00f3n incorrecta de etiquetas\u2026) [requisito n\u00famero 9.4.1.1 Procesamiento, de UNE-EN 301549:2022].<\/span><\/p>\n<p><span style=\"font-weight: 400;\">Existen p\u00e1ginas en las que los productos de apoyo no van a poder obtener informaci\u00f3n, interactuar y estar al corriente del estado de los controles de interfaz de usuario, como por ejemplo, mensajes de ayuda, mensajes de estado de resultado de acciones, atributos de enlaces, imagen de idioma de p\u00e1gina\u2026 que no podr\u00e1n ser le\u00eddo por lectores de pantalla en el momento en el que aparecen [requisito n\u00famero 9.4.1.2 Nombre, funci\u00f3n, valor de UNE-EN 301549:2022].<\/span><\/p>\n<p><span style=\"font-weight: 400;\">Podr\u00edan existir fallos puntuales de edici\u00f3n en alguna p\u00e1gina web.<\/span><\/p>\n<h5><b>\u00a0<\/b><\/h5>\n<h5><b>Carga desproporcionada<\/b><\/h5>\n<p><span style=\"font-weight: 400;\">No aplica.<\/span><span style=\"font-weight: 400;\"><br \/>\n<\/span><span style=\"font-weight: 400;\">El contenido no entra dentro del \u00e1mbito de la legislaci\u00f3n aplicable<\/span><\/p>\n<p><span style=\"font-weight: 400;\">Podr\u00edan existir archivos ofim\u00e1ticos en PDF u otros formatos publicados antes del 20 de septiembre de 2018 que no cumplan en su totalidad todos los requisitos de accesibilidad. Aunque se ha procurado que la mayor\u00eda de ellos s\u00ed lo cumplan.<\/span><span style=\"font-weight: 400;\"><br \/>\n<\/span><span style=\"font-weight: 400;\">Preparaci\u00f3n de la presente declaraci\u00f3n de accesibilidad<\/span><span style=\"font-weight: 400;\"><br \/>\n<\/span><span style=\"font-weight: 400;\">La presente declaraci\u00f3n fue preparada el 29 de julio de 2022.<\/span><\/p>\n<p><span style=\"font-weight: 400;\">El m\u00e9todo empleado para preparar la declaraci\u00f3n ha sido una autoevaluaci\u00f3n llevada a cabo por la misma empresa.<\/span><\/p>\n<p><span style=\"font-weight: 400;\">\u00daltima revisi\u00f3n de la declaraci\u00f3n: 23 de diciembre de 2022.<\/span><\/p>\n<h5><b>\u00a0<\/b><\/h5>\n<h5><b>Observaciones y datos de contacto<\/b><\/h5>\n<p><span style=\"font-weight: 400;\">Puede realizar comunicaciones sobre requisitos de accesibilidad (art\u00edculo 10.2.a) del RD 1112\/2018) como por ejemplo:<\/span><\/p>\n<p><span style=\"font-weight: 400;\">Informar sobre cualquier posible incumplimiento por parte de este sitio web<\/span><span style=\"font-weight: 400;\"><br \/>\n<\/span><span style=\"font-weight: 400;\">Transmitir otras dificultades de acceso al contenido<\/span><span style=\"font-weight: 400;\"><br \/>\n<\/span><span style=\"font-weight: 400;\">Formular cualquier otra consulta o sugerencia de mejora relativa a la accesibilidad del sitio web<\/span><span style=\"font-weight: 400;\"><br \/>\n<\/span><span style=\"font-weight: 400;\">A trav\u00e9s del siguiente formulario de contacto o llamando al tel\u00e9fono 91 273 32 57.<\/span><\/p>\n<p><span style=\"font-weight: 400;\">Puede presentar:<\/span><\/p>\n<p><span style=\"font-weight: 400;\">Una queja relativa al cumplimiento de los requisitos del RD 1112\/2018 o una Solicitud de Informaci\u00f3n accesible relativa a:<\/span><span style=\"font-weight: 400;\"><br \/>\n<\/span><span style=\"font-weight: 400;\">contenidos que est\u00e1n excluidos del \u00e1mbito de aplicaci\u00f3n del RD 1112\/2018 seg\u00fan lo establecido por el art\u00edculo 3, apartado 4<\/span><span style=\"font-weight: 400;\"><br \/>\n<\/span><span style=\"font-weight: 400;\">contenidos que est\u00e1n exentos del cumplimiento de los requisitos de accesibilidad por imponer una carga desproporcionada.<\/span><span style=\"font-weight: 400;\"><br \/>\n<\/span><span style=\"font-weight: 400;\">En la Solicitud de informaci\u00f3n accesible, se debe concretar, con toda claridad, los hechos, razones y petici\u00f3n que permitan constatar que se trata de una solicitud razonable y leg\u00edtima.<\/span><\/p>\n<p><span style=\"font-weight: 400;\">A trav\u00e9s de email, as\u00ed como del resto de opciones recogidas en la Ley 39\/ 2015, de 1 de octubre, del Procedimiento Administrativo Com\u00fan de las Administraciones P\u00fablicas.<\/span><\/p>\n<p><span style=\"font-weight: 400;\">Las comunicaciones, quejas y solicitudes de informaci\u00f3n accesible ser\u00e1n recibidas y tratadas por la empresa.<\/span><\/p>\n<p><span style=\"font-weight: 400;\">\u00a0<\/span><\/p>\n<h5><b>\u00a0<\/b><\/h5>\n<h5><b>Procedimiento de aplicaci\u00f3n<\/b><\/h5>\n<p><span style=\"font-weight: 400;\">Si una vez realizada una solicitud de informaci\u00f3n accesible o queja, \u00e9sta hubiera sido desestimada, no se estuviera de acuerdo con la decisi\u00f3n adoptada, o la respuesta no cumpliera los requisitos contemplados en el art\u00edculo 12.5, la persona interesada podr\u00e1 iniciar una reclamaci\u00f3n. Igualmente se podr\u00e1 iniciar una reclamaci\u00f3n en el caso de que haya transcurrido el plazo de veinte d\u00edas h\u00e1biles sin haber obtenido respuesta.<\/span><\/p>\n<p><span style=\"font-weight: 400;\">La reclamaci\u00f3n puede ser presentada por email , as\u00ed como en el resto de opciones recogidas en la Ley 39\/ 2015, de 1 de octubre, del Procedimiento Administrativo Com\u00fan de las Administraciones P\u00fablicas.<\/span><\/p>\n<p><span style=\"font-weight: 400;\">Las reclamaciones ser\u00e1n recibidas y tratadas por la empresa.<\/span><\/p>\n<h5><b>\u00a0<\/b><\/h5>\n<h5><b>Contenido opcional<\/b><\/h5>\n<p><span style=\"font-weight: 400;\">Este sitio web aplica los requisitos de la Norma UNE-EN 301549:2022 considerando las excepciones del RD 1112\/2018.<\/span><\/p>\n<p><span style=\"font-weight: 400;\">La \u00faltima revisi\u00f3n de la accesibilidad se ha realizado en octubre de 2021.<\/span><\/p>\n<p><span style=\"font-weight: 400;\">El sitio web est\u00e1 optimizado para los navegadores Microsoft Internet Explorer 8.0 o versiones superiores y las \u00faltimas versiones vigentes de FireFox, Safari, Opera y Google Chrome. La resoluci\u00f3n web m\u00ednima recomendada es de 1280\u00d71024.<\/span><\/p>\n<p><span style=\"font-weight: 400;\">El sitio web est\u00e1 dise\u00f1ado para su visualizaci\u00f3n Responsive, con lo que se visualiza de forma \u00f3ptima en los dispositivos tablet y m\u00f3viles. En estos dispositivos est\u00e1 optimizado para su visualizaci\u00f3n en las \u00faltimas versiones vigentes de Chrome for mobile, Firefox for mobile, Safari mobile, Opera Mini y navegador nativo de Android.<\/span><\/p>\n<p><span style=\"font-weight: 400;\">\u00a0<\/span><\/p>\n<p>&nbsp;<\/p>\n","protected":false},"excerpt":{"rendered":"<p>Larissa Ferrer van Ginkel se ha comprometido a hacer accesible su sitio web de conformidad con el Real Decreto 1112\/2018, de 7 de septiembre, sobre accesibilidad de los sitios web y aplicaciones para dispositivos m\u00f3viles del sector p\u00fablico.(Abre en nueva ventana) La presente declaraci\u00f3n de accesibilidad se aplica al sitio web https:\/\/larissaferrerterapia.com\/ \u00a0 Situaci\u00f3n de [&hellip;]<\/p>\n","protected":false},"author":1,"featured_media":103,"parent":0,"menu_order":13,"comment_status":"closed","ping_status":"closed","template":"","meta":{"footnotes":""},"class_list":["post-330","page","type-page","status-publish","has-post-thumbnail","hentry"],"_links":{"self":[{"href":"https:\/\/larissaferrerterapia.com\/index.php\/wp-json\/wp\/v2\/pages\/330","targetHints":{"allow":["GET"]}}],"collection":[{"href":"https:\/\/larissaferrerterapia.com\/index.php\/wp-json\/wp\/v2\/pages"}],"about":[{"href":"https:\/\/larissaferrerterapia.com\/index.php\/wp-json\/wp\/v2\/types\/page"}],"author":[{"embeddable":true,"href":"https:\/\/larissaferrerterapia.com\/index.php\/wp-json\/wp\/v2\/users\/1"}],"replies":[{"embeddable":true,"href":"https:\/\/larissaferrerterapia.com\/index.php\/wp-json\/wp\/v2\/comments?post=330"}],"version-history":[{"count":3,"href":"https:\/\/larissaferrerterapia.com\/index.php\/wp-json\/wp\/v2\/pages\/330\/revisions"}],"predecessor-version":[{"id":416,"href":"https:\/\/larissaferrerterapia.com\/index.php\/wp-json\/wp\/v2\/pages\/330\/revisions\/416"}],"wp:featuredmedia":[{"embeddable":true,"href":"https:\/\/larissaferrerterapia.com\/index.php\/wp-json\/wp\/v2\/media\/103"}],"wp:attachment":[{"href":"https:\/\/larissaferrerterapia.com\/index.php\/wp-json\/wp\/v2\/media?parent=330"}],"curies":[{"name":"wp","href":"https:\/\/api.w.org\/{rel}","templated":true}]}}