{"id":326,"date":"2026-02-27T13:00:11","date_gmt":"2026-02-27T13:00:11","guid":{"rendered":"https:\/\/larissaferrerterapia.com\/?page_id=326"},"modified":"2026-04-10T08:10:44","modified_gmt":"2026-04-10T08:10:44","slug":"politica-de-privacidad","status":"publish","type":"page","link":"https:\/\/larissaferrerterapia.com\/index.php\/politica-de-privacidad\/","title":{"rendered":"Pol\u00edtica de privacidad"},"content":{"rendered":"<p><span style=\"font-weight: 400;\">Documento revisado el 03\/07\/2017<\/span><\/p>\n<p><strong>Larissa Ferrer van Ginkel, <\/strong><span style=\"font-weight: 400;\">como responsable del presente Sitio Web, ha adecuado esta web a las exigencias de la LOPD (Ley Org\u00e1nica de Protecci\u00f3n de Datos) y a la LSSI-CE (Ley de la Sociedad de la informaci\u00f3n y el Comercio Electr\u00f3nico)<\/span><\/p>\n<p><span style=\"font-weight: 400;\">De conformidad con lo dispuesto en la Ley Org\u00e1nica 15\/1999, de 13 de diciembre, de Protecci\u00f3n de Datos de Car\u00e1cter Personal, <strong>Larissa Ferrer van Ginkel<\/strong><\/span><span style=\"font-weight: 400;\">, con NIF: <\/span><b>47.124.809-N<\/b><span style=\"font-weight: 400;\">, informa al Usuario de que es titular de un fichero de \u201cUsuarios de la web y suscriptores\u201d inscrito ante el R.G.P.D. (Registro General de Protecci\u00f3n de Datos), en los que sus datos quedan incorporados y son tratados con el fin de prestarle los servicios solicitados y enviarle la informaci\u00f3n acerca de nuestra empresa que pueda ser de su inter\u00e9s.<\/span><\/p>\n<p><span style=\"font-weight: 400;\"><strong>Larissa Ferrer van Ginkel <\/strong>ha adoptado todas las medidas t\u00e9cnicas y de organizaci\u00f3n necesarias para garantizar la seguridad e integridad de los datos de car\u00e1cter personal que trate, as\u00ed como para evitar su p\u00e9rdida, alteraci\u00f3n y\/o acceso por parte de terceros no autorizados.<\/span><\/p>\n<h5><b>Finalidad de los datos recabados y consentimiento al tratamiento<\/b><\/h5>\n<p><span style=\"font-weight: 400;\">Se informa al Usuario, seg\u00fan lo establecido en el art\u00edculo 5\u00a0 de la LOPD que, a trav\u00e9s de los formularios de contacto, o suscripciones se recaban datos que se almacenan en el fichero antes indicado, con las siguientes finalidades:<\/span><\/p>\n<ul>\n<li style=\"font-weight: 400;\" aria-level=\"1\"><span style=\"font-weight: 400;\">Remitir el bolet\u00edn de noticias de la p\u00e1gina web.<\/span><\/li>\n<li style=\"font-weight: 400;\" aria-level=\"1\"><span style=\"font-weight: 400;\">Tramitar encargos, solicitudes o cualquier tipo de petici\u00f3n que sea realizada por el usuario a trav\u00e9s de cualquiera de las formas de contacto que se ponen a su disposici\u00f3n en el Sitio Web.<\/span><\/li>\n<li style=\"font-weight: 400;\" aria-level=\"1\"><span style=\"font-weight: 400;\">Remisi\u00f3n de comunicaciones comerciales publicitarias por email relacionadas sobre productos o servicios ofrecidos por <strong>Larissa Ferrer van Ginkel<\/strong><\/span><span style=\"font-weight: 400;\">, as\u00ed como por parte de los colaboradores o partners con los que \u00e9ste hubiera alcanzado alg\u00fan acuerdo de promoci\u00f3n comercial entre sus clientes. En este caso, los terceros nunca tendr\u00e1n acceso a los datos personales. En todo caso las comunicaciones comerciales ser\u00e1n realizadas por parte del Prestador y ser\u00e1n productos y servicios relacionados con el sector del Prestador.<\/span><\/li>\n<li style=\"font-weight: 400;\" aria-level=\"1\"><span style=\"font-weight: 400;\">Realizar estudios estad\u00edsticos.<\/span><\/li>\n<\/ul>\n<p><span style=\"font-weight: 400;\">Los datos que se solicitan a trav\u00e9s del Sitio Web son obligatorios, ya que son necesarios para la prestaci\u00f3n de un servicio \u00f3ptimo al Usuario. En caso de que no sean facilitados todos los datos, el prestador no garantiza que la informaci\u00f3n y servicios facilitados sean completamente ajustados a sus necesidades.<\/span><\/p>\n<p><span style=\"font-weight: 400;\">El Usuario es el \u00fanico responsable de la veracidad y correcci\u00f3n de los datos que remita a al prestador, exonerando a \u00e9ste de cualquier responsabilidad al respecto. Los Usuarios garantizan y responden, en cualquier caso, de la exactitud, vigencia y autenticidad de los datos personales facilitados, y se comprometen a mantenerlos debidamente actualizados. El Usuario acepta proporcionar informaci\u00f3n completa y correcta en el formulario de contacto o suscripci\u00f3n.<\/span><\/p>\n<p><span style=\"font-weight: 400;\">La aceptaci\u00f3n de la pol\u00edtica de privacidad, mediante el procedimiento establecido de opt-in, se entender\u00e1 a todos los efectos como la prestaci\u00f3n de CONSENTIMIENTO T\u00c1CITO E INEQU\u00cdVOCO del Usuario al tratamiento de los datos de car\u00e1cter personal en los t\u00e9rminos que se exponen en el presente documento, as\u00ed como a la transferencia internacional de datos que se produce, exclusivamente debido a la ubicaci\u00f3n de las instalaciones de los proveedores de servicios y encargados del tratamiento de datos.<\/span><\/p>\n<h5><b>Ejercicio de derechos arco: Acceso, Rectificaci\u00f3n, Cancelaci\u00f3n y Oposici\u00f3n<\/b><\/h5>\n<p><span style=\"font-weight: 400;\">El Usuario podr\u00e1 dirigir sus comunicaciones y ejercitar los derechos de acceso, rectificaci\u00f3n, cancelaci\u00f3n y oposici\u00f3n a trav\u00e9s del correo electr\u00f3nico: info@sitioweb.com junto con prueba v\u00e1lida en derecho, como fotocopia del D.N.I. o equivalente, indicando en el asunto \u201cProtecci\u00f3n de Datos\u201d.<\/span><\/p>\n<p><span style=\"font-weight: 400;\">Del mismo modo, el Usuario podr\u00e1 darse de baja de cualquiera de los servicios de suscripci\u00f3n facilitados haciendo clic en el apartado de darse de baja de todos los correos electr\u00f3nicos remitidos por parte del prestador.<\/span><\/p>\n<p><span style=\"font-weight: 400;\">Si recibe los citados correos electr\u00f3nicos es que ha dado su autorizaci\u00f3n previa, ya que el prestador no realiza pr\u00e1cticas de SPAM.<\/span><\/p>\n<h5><b>Responsable del fichero y encargados del tratamiento<\/b><\/h5>\n<p><span style=\"font-weight: 400;\">El responsable del fichero es <strong>Larissa Ferrer van Ginkel<\/strong><\/span><span style=\"font-weight: 400;\">.<\/span><\/p>\n<p><span style=\"font-weight: 400;\">Encargados del tratamiento:<\/span><\/p>\n<ul>\n<li style=\"font-weight: 400;\" aria-level=\"1\"><span style=\"font-weight: 400;\">Hosting: Raiola Networks SL, con domicilio social en Ronda del Carme, n\u00ba 8, 5\u00baB, 27004 Lugo. Se puede consultar la pol\u00edtica de privacidad y dem\u00e1s aspectos legales de la compa\u00f1\u00eda en el siguiente enlace: <\/span><a href=\"https:\/\/raiolanetworks.es\/aviso-legal\/\" target=\"_blank\" rel=\"noopener\"><span style=\"font-weight: 400;\">https:\/\/raiolanetworks.es\/aviso-legal\/<\/span><\/a><\/li>\n<li style=\"font-weight: 400;\" aria-level=\"1\"><span style=\"font-weight: 400;\">Proveedor de email marketing: Active Campaing LLC. Puedes consultar su pol\u00edtica de privacidad en <\/span><a href=\"http:\/\/www.activecampaign.com\/privacy-policy\/\" target=\"_blank\" rel=\"noopener\"><span style=\"font-weight: 400;\">http:\/\/www.activecampaign.com\/privacy-policy\/<\/span><\/a><\/li>\n<\/ul>\n<h5><b>Redes sociales<\/b><\/h5>\n<p><span style=\"font-weight: 400;\"><strong>Larissa Ferrer van Ginkel <\/strong>ofrece al Usuario enlaces y servicio relacionados con las diferentes redes sociales. Por lo que si eres miembro de una red social y haces clic sobre el correspondiente enlace, el proveedor de la red social podr\u00e1 enlazar tus datos de perfil con la informaci\u00f3n de tu visita a la web.<\/span><\/p>\n<p><span style=\"font-weight: 400;\">Puedes acceder en todo momento a las pol\u00edticas de privacidad de las diferentes redes sociales, as\u00ed como configurar tu perfil para garantizar tu privacidad:<\/span><\/p>\n<ul>\n<li style=\"font-weight: 400;\" aria-level=\"1\"><span style=\"font-weight: 400;\">Facebook: <\/span><a href=\"https:\/\/www.facebook.com\/about\/privacy\/\" target=\"_blank\" rel=\"noopener\"><span style=\"font-weight: 400;\">https:\/\/www.facebook.com\/about\/privacy\/<\/span><\/a><\/li>\n<li style=\"font-weight: 400;\" aria-level=\"1\"><span style=\"font-weight: 400;\">Twitter: <\/span><a href=\"https:\/\/twitter.com\/es\/privacy\" target=\"_blank\" rel=\"noopener\"><span style=\"font-weight: 400;\">https:\/\/twitter.com\/es\/privacy<\/span><\/a><\/li>\n<li style=\"font-weight: 400;\" aria-level=\"1\"><span style=\"font-weight: 400;\">LinkedIn: <\/span><a href=\"https:\/\/www.linkedin.com\/legal\/privacy-policy\" target=\"_blank\" rel=\"noopener\"><span style=\"font-weight: 400;\">https:\/\/www.linkedin.com\/legal\/privacy-policy<\/span><\/a><\/li>\n<\/ul>\n<h5><b>Modificaci\u00f3n de la pol\u00edtica de privacidad<\/b><\/h5>\n<p><span style=\"font-weight: 400;\"><strong>Larissa Ferrer van Ginkel <\/strong>se reserva el derecho a modificar la presente pol\u00edtica para adaptarla a novedades legislativas o jurisprudenciales as\u00ed como a pr\u00e1cticas de la industria. En dichos supuestos, el Prestador anunciar\u00e1 en esta p\u00e1gina los cambios introducidos con razonable antelaci\u00f3n a su puesta en pr\u00e1ctica<\/span><\/p>\n<p>&nbsp;<\/p>\n","protected":false},"excerpt":{"rendered":"<p>Documento revisado el 03\/07\/2017 Larissa Ferrer van Ginkel, como responsable del presente Sitio Web, ha adecuado esta web a las exigencias de la LOPD (Ley Org\u00e1nica de Protecci\u00f3n de Datos) y a la LSSI-CE (Ley de la Sociedad de la informaci\u00f3n y el Comercio Electr\u00f3nico) De conformidad con lo dispuesto en la Ley Org\u00e1nica 15\/1999, [&hellip;]<\/p>\n","protected":false},"author":1,"featured_media":103,"parent":0,"menu_order":11,"comment_status":"closed","ping_status":"closed","template":"","meta":{"footnotes":""},"class_list":["post-326","page","type-page","status-publish","has-post-thumbnail","hentry"],"_links":{"self":[{"href":"https:\/\/larissaferrerterapia.com\/index.php\/wp-json\/wp\/v2\/pages\/326","targetHints":{"allow":["GET"]}}],"collection":[{"href":"https:\/\/larissaferrerterapia.com\/index.php\/wp-json\/wp\/v2\/pages"}],"about":[{"href":"https:\/\/larissaferrerterapia.com\/index.php\/wp-json\/wp\/v2\/types\/page"}],"author":[{"embeddable":true,"href":"https:\/\/larissaferrerterapia.com\/index.php\/wp-json\/wp\/v2\/users\/1"}],"replies":[{"embeddable":true,"href":"https:\/\/larissaferrerterapia.com\/index.php\/wp-json\/wp\/v2\/comments?post=326"}],"version-history":[{"count":4,"href":"https:\/\/larissaferrerterapia.com\/index.php\/wp-json\/wp\/v2\/pages\/326\/revisions"}],"predecessor-version":[{"id":415,"href":"https:\/\/larissaferrerterapia.com\/index.php\/wp-json\/wp\/v2\/pages\/326\/revisions\/415"}],"wp:featuredmedia":[{"embeddable":true,"href":"https:\/\/larissaferrerterapia.com\/index.php\/wp-json\/wp\/v2\/media\/103"}],"wp:attachment":[{"href":"https:\/\/larissaferrerterapia.com\/index.php\/wp-json\/wp\/v2\/media?parent=326"}],"curies":[{"name":"wp","href":"https:\/\/api.w.org\/{rel}","templated":true}]}}