{"id":324,"date":"2026-02-27T12:59:54","date_gmt":"2026-02-27T12:59:54","guid":{"rendered":"https:\/\/larissaferrerterapia.com\/?page_id=324"},"modified":"2026-04-10T08:13:43","modified_gmt":"2026-04-10T08:13:43","slug":"aviso-legal","status":"publish","type":"page","link":"https:\/\/larissaferrerterapia.com\/index.php\/aviso-legal\/","title":{"rendered":"Aviso legal"},"content":{"rendered":"<p><span style=\"font-weight: 400;\">Documento revisado el 03\/07\/2017<\/span><\/p>\n<p><span style=\"font-weight: 400;\">En virtud de las obligaciones establecidas por la Ley 34\/2002, de Servicios de la Sociedad de la Informaci\u00f3n y de Comercio Electr\u00f3nico, te informo que:<\/span><\/p>\n<h5><b>Datos identificativo del responsable<\/b><\/h5>\n<ul>\n<li style=\"font-weight: 400;\" aria-level=\"1\"><span style=\"font-weight: 400;\">Denominaci\u00f3n social: Larissa Ferrer van Ginkel\u00a0<\/span><\/li>\n<li style=\"font-weight: 400;\" aria-level=\"1\"><span style=\"font-weight: 400;\">NIF: 47124809-V<\/span><\/li>\n<li style=\"font-weight: 400;\" aria-level=\"1\"><span style=\"font-weight: 400;\">Email de contacto: lari.ferrervanginkel@gmail.com<\/span><\/li>\n<\/ul>\n<p><span style=\"font-weight: 400;\">\u00a0<\/span><\/p>\n<h5><b>Acceso y Uso del Sitio Web<\/b><\/h5>\n<p><span style=\"font-weight: 400;\">El acceso y\/o el uso de este sitio web atribuyen la condici\u00f3n de USUARIO, aceptando los presentes t\u00e9rminos de uso. El mero uso de la web no significa el inicio de una relaci\u00f3n laboral o comercial entre Larissa Ferrer van Ginkel\u00a0<\/span><span style=\"font-weight: 400;\">y el usuario.<\/span><\/p>\n<p><span style=\"font-weight: 400;\">Tanto el acceso al Sitio Web como el uso no consentido que pueda efectuarse de la informaci\u00f3n contenida en el mismo es de la exclusiva responsabilidad de quien lo realiza.<\/span><\/p>\n<p><span style=\"font-weight: 400;\">El usuario se compromete a utilizar los contenidos, informaci\u00f3n y datos del Sitio Web de conformidad con las presentes condiciones, t\u00e9rminos y pol\u00edticas, con la normativa de aplicaci\u00f3n y con las buenas costumbres generalmente aceptadas y el orden p\u00fablico.<\/span><\/p>\n<p><span style=\"font-weight: 400;\">El usuario se obliga a abstenerse de utilizar los contenidos del Sitio Web con fines o efectos il\u00edcitos, prohibidos o contrarios a los aqu\u00ed establecidos, lesivos de los derechos e intereses de Larissa Ferrer van Ginkel<\/span><span style=\"font-weight: 400;\">, de los dem\u00e1s usuarios, de terceros o que de cualquier forma puedan da\u00f1ar, inutilizar, sobrecargar o deteriorar el presente Sitio Web o impedir la normal utilizaci\u00f3n o disfrute del mismo por parte de los usuarios.<\/span><\/p>\n<h5><b>Exclusi\u00f3n de garant\u00edas y responsabilidad<\/b><\/h5>\n<p><span style=\"font-weight: 400;\">Larissa Ferrer van Ginkel no responder\u00e1 de ninguna consecuencia, da\u00f1o o perjuicio que pudiera derivarse de dicho acceso o uso o del incumplimiento de las presentes condiciones, t\u00e9rminos y pol\u00edticas ni se har\u00e1 responsable de los errores de seguridad que se puedan producir ni de los da\u00f1os que puedan causarse al sistema inform\u00e1tico del usuario (hardware y software) o a los ficheros o documentos almacenados en el mismo como consecuencia de: (i) la presencia de un virus en el ordenador del usuario que sea utilizado para la conexi\u00f3n a los servicios y\/o productos ofrecidos por Larissa Ferrer van Ginkel\u00a0<\/span><span style=\"font-weight: 400;\">a trav\u00e9s de su Sitio Web; (ii) un mal funcionamiento del navegador; (iii) el uso de versiones no actualizadas del mismo.<\/span><\/p>\n<p><span style=\"font-weight: 400;\">Este Sitio Web no se destina a menores de edad, por lo que el Prestador declina cualquier responsabilidad por el incumplimiento de este requisito.<\/span><\/p>\n<h5><b>\u00a0<\/b><\/h5>\n<h5><b>Propiedad Intelectual e Industrial<\/b><\/h5>\n<p><span style=\"font-weight: 400;\">El usuario reconoce y acepta que todos los derechos de propiedad industrial e intelectual sobre los contenidos y\/o cualesquiera otros elementos insertados por Larissa Ferrer van Ginkel\u00a0<\/span><span style=\"font-weight: 400;\">en el presente Sitio Web (incluyendo, a t\u00edtulo meramente enunciativo y no limitativo, todos aquellos elementos que conforman la apariencia visual, imagen gr\u00e1fica y otros est\u00edmulos sensoriales del sitio web o \u201clook and feel\u201d: marcas, logotipos, nombres comerciales, textos, im\u00e1genes, gr\u00e1ficos, dise\u00f1os, sonidos, bases de datos, software, diagramas de flujo, presentaci\u00f3n, arquitectura de navegaci\u00f3n, as\u00ed como los c\u00f3digos fuente de las p\u00e1ginas web) pertenecen a Larissa Ferrer van Ginkel\u00a0<\/span><span style=\"font-weight: 400;\">y\/o a terceros a los cuales les han cedido sus derechos.<\/span><\/p>\n<p><span style=\"font-weight: 400;\">En ning\u00fan caso el acceso al Sitio Web implica alg\u00fan tipo de permiso, renuncia, transmisi\u00f3n, licencia o cesi\u00f3n total ni parcial de dichos derechos por parte de sus titulares, salvo que se establezca expresamente lo contrario. Los presentes t\u00e9rminos y condiciones de uso del Sitio Web no confieren a los USUARIOS ning\u00fan otro derecho de utilizaci\u00f3n, alteraci\u00f3n, explotaci\u00f3n, reproducci\u00f3n, distribuci\u00f3n o comunicaci\u00f3n p\u00fablica del Sitio Web y\/o de sus contenidos distintos de los aqu\u00ed expresamente previstos.<\/span><\/p>\n<p><span style=\"font-weight: 400;\">Queda terminantemente prohibida la utilizaci\u00f3n de tales elementos, su total o parcial reproducci\u00f3n, comunicaci\u00f3n y\/o distribuci\u00f3n con fines comerciales o lucrativos, as\u00ed como su modificaci\u00f3n, alteraci\u00f3n, descompilaci\u00f3n y\/o cualquier otro acto de explotaci\u00f3n del Sitio Web.<\/span><\/p>\n<p><span style=\"font-weight: 400;\">Sin perjuicio de todo lo anterior, si el Usuario o un tercero estima que alg\u00fan contenido del Sitio Web pudiera vulnerar derechos de propiedad intelectual e industrial, rogamos as\u00ed lo pongan en nuestro conocimiento a la mayor brevedad posible al email lari.ferrervanginkel@gmail.com<\/span><\/p>\n<h5><b>Pol\u00edtica de enlaces<\/b><\/h5>\n<p><span style=\"font-weight: 400;\">En el presente Sitio Web se pueden utilizar enlaces con otras p\u00e1ginas o sitios web. Larissa Ferrer van Ginkel\u00a0<\/span><span style=\"font-weight: 400;\">no se responsabiliza ni del contenido ni de las medidas de seguridad adoptadas por cualquier otra p\u00e1gina o sitio web a trav\u00e9s del cual se tiene acceso desde el presente Sitio Web, sitios a los que accede el interesado bajo su exclusiva responsabilidad.<\/span><\/p>\n<p><span style=\"font-weight: 400;\">Asimismo, tampoco se garantiza la ausencia de virus u otros elementos en los contenidos enlazados desde el Sitio Web sitioweb.com que puedan producir alteraciones en el sistema inform\u00e1tico (hardware y software) y\/o en los documentos o los ficheros del Usuario, excluyendo asimismo a Larissa Ferrer van Ginkel\u00a0<\/span><span style=\"font-weight: 400;\">de toda responsabilidad derivada de los da\u00f1os de cualquier \u00edndole ocasionados por todo lo anterior.<\/span><\/p>\n<h5><b>\u00a0<\/b><\/h5>\n<h5><b>Protecci\u00f3n de datos<\/b><\/h5>\n<p><span style=\"font-weight: 400;\">De conformidad con lo que establece la Ley Org\u00e1nica 15\/1999 de Protecci\u00f3n de Datos de Car\u00e1cter Personal (LOPD), y con el Real Decreto 1720\/2007, de 21 de diciembre, por el que se aprueba el Reglamento de desarrollo de la Ley Org\u00e1nica 15\/1999, de 13 de diciembre, de Protecci\u00f3n de Datos de Car\u00e1cter Personal (RDLOPD), Larissa Ferrer van Ginkel\u00a0<\/span><span style=\"font-weight: 400;\">se compromete a adoptar las medidas t\u00e9cnicas y organizativas necesarias, seg\u00fan el nivel de seguridad de los datos recabados, de forma que garanticen la seguridad de los datos de car\u00e1cter personal y eviten su alteraci\u00f3n, p\u00e9rdida, tratamiento o acceso no autorizado.<\/span><\/p>\n<p><span style=\"font-weight: 400;\">Conforme a lo previsto en el art\u00edculo 5 de la LOPD, se informa al Usuario que los datos personales recabados por el Prestador, mediante los formularios extendidos en sus p\u00e1ginas, ser\u00e1n introducidos en un fichero automatizado bajo la responsabilidad de Larissa Ferrer van Ginkel\u00a0<\/span><span style=\"font-weight: 400;\">, y debidamente declarado e inscrito en el Registro General de la Agencia de Protecci\u00f3n de Datos, con la finalidad de poder facilitar, agilizar y cumplir los compromisos establecidos entre ambas partes o el mantenimiento de la relaci\u00f3n que se establezca en los formularios que suscriba o para atender una solicitud o consulta.<\/span><\/p>\n<p><span style=\"font-weight: 400;\">Mientras el Usuario no comunique lo contrario al Prestador, se entender\u00e1 que sus datos no han sido modificados, que el Usuario se compromete a notificar cualquier variaci\u00f3n y que tiene el consentimiento para utilizarlos para las finalidades determinadas, expl\u00edcitas y leg\u00edtimas para las que se hayan obtenido. Pudiendo incluso ser, adem\u00e1s, utilizados con una finalidad comercial de personalizaci\u00f3n, operativa y estad\u00edstica, y actividades propias de su objeto social, autorizando expresamente a Larissa Ferrer van Ginkel\u00a0<\/span><span style=\"font-weight: 400;\">para la extracci\u00f3n, almacenamiento de datos y estudios de marketing para adecuar el Contenido ofertado al Usuario, y as\u00ed mejorar la calidad, funcionamiento y navegaci\u00f3n por el Sitio Web.<\/span><\/p>\n<p><span style=\"font-weight: 400;\">De igual forma, el Usuario tiene acceso en todo momento a modificar, editar o eliminar la informaci\u00f3n proporcionada, as\u00ed como gestionar su baja directamente, o mediante solicitud dirigida al contacto mostrado en la secci\u00f3n de direcciones de contacto dirigido a Larissa Ferrer van Ginkel\u00a0<\/span><span style=\"font-weight: 400;\">junto con copia de su DNI o documento acreditativo equivalente.<\/span><\/p>\n<p><span style=\"font-weight: 400;\">Igualmente podr\u00e1 darse de baja a trav\u00e9s del enlace que le aparecer\u00e1 al final de cada newsletter.\u00a0<\/span><\/p>\n<h5><b>Modificaci\u00f3n de los T\u00e9rminos y Condiciones de Uso, Pol\u00edtica de Privacidad y de Protecci\u00f3n de Datos<\/b><\/h5>\n<p><span style=\"font-weight: 400;\">Larissa Ferrer van Ginkel\u00a0se reserva el derecho a modificar en todo momento y sin previo aviso las presentes condiciones, t\u00e9rminos y pol\u00edticas de privacidad para adaptarlas a las novedades legislativas o jurisprudenciales as\u00ed como a las modificaciones o pr\u00e1cticas de la industria, debiendo el usuario consultar peri\u00f3dicamente las presentes condiciones, t\u00e9rminos y pol\u00edticas a fin de comprobar o cerciorarse de la existencia de cambios en las mismas, tomando como referencia la fecha de la \u00faltima actualizaci\u00f3n.<\/span><b>\u00a0<\/b><\/p>\n<h5><b>Legislaci\u00f3n aplicable y jurisdicci\u00f3n<\/b><\/h5>\n<p><span style=\"font-weight: 400;\">La relaci\u00f3n entre Larissa Ferrer van Ginkel\u00a0<\/span><span style=\"font-weight: 400;\">y el USUARIO se regir\u00e1 por la normativa espa\u00f1ola vigente y cualquier controversia se someter\u00e1 a los Juzgados y tribunales, salvo que la Ley aplicable disponga otra cosa.<\/span><\/p>\n<p>&nbsp;<\/p>\n","protected":false},"excerpt":{"rendered":"<p>Documento revisado el 03\/07\/2017 En virtud de las obligaciones establecidas por la Ley 34\/2002, de Servicios de la Sociedad de la Informaci\u00f3n y de Comercio Electr\u00f3nico, te informo que: Datos identificativo del responsable Denominaci\u00f3n social: Larissa Ferrer van Ginkel\u00a0 NIF: 47124809-V Email de contacto: lari.ferrervanginkel@gmail.com \u00a0 Acceso y Uso del Sitio Web El acceso y\/o [&hellip;]<\/p>\n","protected":false},"author":1,"featured_media":103,"parent":0,"menu_order":10,"comment_status":"closed","ping_status":"closed","template":"","meta":{"footnotes":""},"class_list":["post-324","page","type-page","status-publish","has-post-thumbnail","hentry"],"_links":{"self":[{"href":"https:\/\/larissaferrerterapia.com\/index.php\/wp-json\/wp\/v2\/pages\/324","targetHints":{"allow":["GET"]}}],"collection":[{"href":"https:\/\/larissaferrerterapia.com\/index.php\/wp-json\/wp\/v2\/pages"}],"about":[{"href":"https:\/\/larissaferrerterapia.com\/index.php\/wp-json\/wp\/v2\/types\/page"}],"author":[{"embeddable":true,"href":"https:\/\/larissaferrerterapia.com\/index.php\/wp-json\/wp\/v2\/users\/1"}],"replies":[{"embeddable":true,"href":"https:\/\/larissaferrerterapia.com\/index.php\/wp-json\/wp\/v2\/comments?post=324"}],"version-history":[{"count":4,"href":"https:\/\/larissaferrerterapia.com\/index.php\/wp-json\/wp\/v2\/pages\/324\/revisions"}],"predecessor-version":[{"id":417,"href":"https:\/\/larissaferrerterapia.com\/index.php\/wp-json\/wp\/v2\/pages\/324\/revisions\/417"}],"wp:featuredmedia":[{"embeddable":true,"href":"https:\/\/larissaferrerterapia.com\/index.php\/wp-json\/wp\/v2\/media\/103"}],"wp:attachment":[{"href":"https:\/\/larissaferrerterapia.com\/index.php\/wp-json\/wp\/v2\/media?parent=324"}],"curies":[{"name":"wp","href":"https:\/\/api.w.org\/{rel}","templated":true}]}}